{"id":10459,"date":"2024-11-30T14:50:01","date_gmt":"2024-11-30T06:50:01","guid":{"rendered":"https:\/\/hangthaiwatch.com.my\/shop\/?post_type=product&#038;p=10459"},"modified":"2024-11-30T15:03:09","modified_gmt":"2024-11-30T07:03:09","slug":"maurice-lacroix-aikon-automatic-chronograph-44mm-black-dial-ai6038-ss002-330-1-new","status":"publish","type":"product","link":"https:\/\/hangthaiwatch.com.my\/shop\/product\/maurice-lacroix-aikon-automatic-chronograph-44mm-black-dial-ai6038-ss002-330-1-new\/","title":{"rendered":"MAURICE LACROIX AIKON AUTOMATIC CHRONOGRAPH 44MM BLACK DIAL AI6038-SS002-330-1 (NEW)"},"content":{"rendered":"<table>\n<tbody>\n<tr>\n<td>Brand<\/td>\n<td>MAURICE LACROIX<\/td>\n<\/tr>\n<tr>\n<td>Model<\/td>\n<td>AIKON CHRONOGRAPH<\/td>\n<\/tr>\n<tr>\n<td>Reference<\/td>\n<td>\n<h2 class=\"product-sku\">AI6038-SS002-330-1<\/h2>\n<\/td>\n<\/tr>\n<tr>\n<td>Condition<\/td>\n<td>NEW<\/td>\n<\/tr>\n<tr>\n<td>Dial<\/td>\n<td>Black dial<\/td>\n<\/tr>\n<tr>\n<td>Power Reserve<\/td>\n<td>48 Hours<\/td>\n<\/tr>\n<\/tbody>\n<\/table>\n<p>&nbsp;<\/p>\n<div class=\"collapsible-header\" data-collapsible-header=\"\">\n<div class=\"title\">CASE<\/div>\n<\/div>\n<div class=\"collapsible-content\">\n<ul>\n<li class=\"attribute-values\"><span class=\"attribute-values__label\">DIAMETER:\u00a0<\/span>44 mm<\/li>\n<li class=\"attribute-values\"><span class=\"attribute-values__label\">MATERIAL:\u00a0<\/span>Stainless steel<\/li>\n<li class=\"attribute-values\"><span class=\"attribute-values__label\">FINITION:\u00a0<\/span>Sandblasted and polished<\/li>\n<li class=\"attribute-values\"><span class=\"attribute-values__label\">HEIGHT:\u00a0<\/span>15 mm<\/li>\n<li class=\"attribute-values\"><span class=\"attribute-values__label\">FRONT GLASS:\u00a0<\/span>Sapphire crystal with double anti-reflective coating<\/li>\n<li class=\"attribute-values\"><span class=\"attribute-values__label\">CASE BACK:\u00a0<\/span>Open case back with sapphire glass and anti-reflective coating<\/li>\n<li class=\"attribute-values\"><span class=\"attribute-values__label\">BEZEL:\u00a0<\/span>Bezel featuring eye-catching six \u201cclaws\u201d design<\/li>\n<li class=\"attribute-values\"><span class=\"attribute-values__label\">CROWN:\u00a0<\/span>Screwed crown<\/li>\n<li class=\"attribute-values\"><span class=\"attribute-values__label\">WATER RESISTANCE:\u00a0<\/span>Water-resistant to 20 ATM<\/li>\n<\/ul>\n<\/div>\n<div class=\"collapsible-header\" data-collapsible-header=\"\">\n<div class=\"title\">\n<div class=\"collapsible-header\" data-collapsible-header=\"\">\n<div class=\"title\">DIAL &amp; HANDS<\/div>\n<\/div>\n<div class=\"collapsible-content\">\n<ul>\n<li class=\"attribute-values\"><span class=\"attribute-values__label\">DIAL:\u00a0<\/span>Black, sun-brushed squares, polished rings<\/li>\n<li class=\"attribute-values\"><span class=\"attribute-values__label\">HOUR MARKERS:\u00a0<\/span>Indexes, rhodium-plated<\/li>\n<li class=\"attribute-values\"><span class=\"attribute-values__label\">HANDS:\u00a0<\/span>Rhodium-plated, white super-luminova<\/li>\n<li class=\"attribute-values\"><span class=\"attribute-values__label\">SPECIAL HANDS:\u00a0<\/span>Rhodium-plated chronograph second hand<\/li>\n<\/ul>\n<\/div>\n<\/div>\n<\/div>\n<div class=\"collapsible-header\" data-collapsible-header=\"\">\n<div class=\"title\">MOVEMENT &amp; FUNCTIONS<\/div>\n<\/div>\n<div class=\"collapsible-content\">\n<ul>\n<li class=\"attribute-values\"><span class=\"attribute-values__label\">MOVEMENT TYPE:\u00a0<\/span>Automatic<\/li>\n<li class=\"attribute-values\"><span class=\"attribute-values__label\">FUNCTIONS:\u00a0<\/span>Chronograph: seconds by central hand, 30 minutes counter at 12 o\u2019clock, 12 hours counter at 6 o\u2019clock<\/li>\n<li class=\"attribute-values\"><span class=\"attribute-values__label\">Caliber:\u00a0<\/span>Automatic ML112<\/li>\n<li class=\"attribute-values\"><span class=\"attribute-values__label\">POWER RESERVE:\u00a0<\/span>48 hours<\/li>\n<li class=\"attribute-values\"><span class=\"attribute-values__label\">FREQUENCY:\u00a0<\/span>28&#8217;800 vph<\/li>\n<li class=\"attribute-values\"><span class=\"attribute-values__label\">DECORATIONS:\u00a0<\/span>Rhodium-plated movement with Perlage and Colima\u00e7on; C\u00f4tes de Gen\u00e8ve on the rotor<\/li>\n<li class=\"attribute-values\"><span class=\"attribute-values__label\">Jewels:\u00a0<\/span>21<\/li>\n<\/ul>\n<div class=\"collapsible-header\" data-collapsible-header=\"\">\n<div class=\"title\">STRAP<\/div>\n<\/div>\n<div class=\"collapsible-content\">\n<ul>\n<li class=\"attribute-values\"><span class=\"attribute-values__label\">BRACELET\/STRAP:\u00a0<\/span>Stainless steel bracelet<\/li>\n<li class=\"attribute-values\"><span class=\"attribute-values__label\">WIDTH:\u00a0<\/span>25 mm<\/li>\n<li class=\"attribute-values\"><span class=\"attribute-values__label\">Easy change system available:\u00a0<\/span>Yes<\/li>\n<\/ul>\n<\/div>\n<\/div>\n<p>CALL \/ SMS \/ WHATSAPP FOR FURTHER DISCUSSION +60 18 226 8539 \/ +603 2282 8832<\/p>\n","protected":false},"excerpt":{"rendered":"<p>Brand MAURICE LACROIX Model AIKON CHRONOGRAPH Reference AI6038-SS002-330-1 Condition NEW Dial Black dial Power Reserve 48 Hours &nbsp; CASE DIAMETER:\u00a044 mm MATERIAL:\u00a0Stainless steel FINITION:\u00a0Sandblasted and polished HEIGHT:\u00a015 mm FRONT GLASS:\u00a0Sapphire crystal with double anti-reflective coating CASE BACK:\u00a0Open case back with sapphire glass and anti-reflective coating BEZEL:\u00a0Bezel featuring eye-catching six \u201cclaws\u201d design CROWN:\u00a0Screwed crown WATER RESISTANCE:\u00a0Water-resistant [&hellip;]<\/p>\n","protected":false},"featured_media":10460,"template":"","meta":{"_monsterinsights_skip_tracking":false,"_monsterinsights_sitenote_active":false,"_monsterinsights_sitenote_note":"","_monsterinsights_sitenote_category":0,"site-sidebar-layout":"default","site-content-layout":"default","ast-site-content-layout":"default","site-content-style":"default","site-sidebar-style":"default","ast-global-header-display":"","ast-banner-title-visibility":"","ast-main-header-display":"","ast-hfb-above-header-display":"","ast-hfb-below-header-display":"","ast-hfb-mobile-header-display":"","site-post-title":"","ast-breadcrumbs-content":"","ast-featured-img":"","footer-sml-layout":"","theme-transparent-header-meta":"default","adv-header-id-meta":"","stick-header-meta":"","header-above-stick-meta":"","header-main-stick-meta":"","header-below-stick-meta":"","astra-migrate-meta-layouts":"set","ast-page-background-enabled":"default","ast-page-background-meta":{"desktop":{"background-color":"","background-image":"","background-repeat":"repeat","background-position":"center center","background-size":"auto","background-attachment":"scroll","background-type":"","background-media":"","overlay-type":"","overlay-color":"","overlay-opacity":"","overlay-gradient":""},"tablet":{"background-color":"","background-image":"","background-repeat":"repeat","background-position":"center center","background-size":"auto","background-attachment":"scroll","background-type":"","background-media":"","overlay-type":"","overlay-color":"","overlay-opacity":"","overlay-gradient":""},"mobile":{"background-color":"","background-image":"","background-repeat":"repeat","background-position":"center center","background-size":"auto","background-attachment":"scroll","background-type":"","background-media":"","overlay-type":"","overlay-color":"","overlay-opacity":"","overlay-gradient":""}},"ast-content-background-meta":{"desktop":{"background-color":"var(--ast-global-color-5)","background-image":"","background-repeat":"repeat","background-position":"center center","background-size":"auto","background-attachment":"scroll","background-type":"","background-media":"","overlay-type":"","overlay-color":"","overlay-opacity":"","overlay-gradient":""},"tablet":{"background-color":"var(--ast-global-color-5)","background-image":"","background-repeat":"repeat","background-position":"center center","background-size":"auto","background-attachment":"scroll","background-type":"","background-media":"","overlay-type":"","overlay-color":"","overlay-opacity":"","overlay-gradient":""},"mobile":{"background-color":"var(--ast-global-color-5)","background-image":"","background-repeat":"repeat","background-position":"center center","background-size":"auto","background-attachment":"scroll","background-type":"","background-media":"","overlay-type":"","overlay-color":"","overlay-opacity":"","overlay-gradient":""}}},"product_brand":[],"product_cat":[103],"product_tag":[130,1353,1354,912,190,911,905,913],"class_list":{"0":"post-10459","1":"product","2":"type-product","3":"status-publish","4":"has-post-thumbnail","6":"product_cat-maurice-lacroix","7":"product_tag-44mm","8":"product_tag-48-hours","9":"product_tag-ai6038-ss002-330-1","10":"product_tag-aikon-automatic","11":"product_tag-chronograph","12":"product_tag-maurice-lacroix","13":"product_tag-panda-dial","14":"product_tag-tifanny","15":"desktop-align-left","16":"tablet-align-left","17":"mobile-align-left","19":"first","20":"instock","21":"sale","22":"shipping-taxable","23":"purchasable","24":"product-type-simple"},"aioseo_notices":[],"jetpack_sharing_enabled":true,"_links":{"self":[{"href":"https:\/\/hangthaiwatch.com.my\/shop\/wp-json\/wp\/v2\/product\/10459","targetHints":{"allow":["GET"]}}],"collection":[{"href":"https:\/\/hangthaiwatch.com.my\/shop\/wp-json\/wp\/v2\/product"}],"about":[{"href":"https:\/\/hangthaiwatch.com.my\/shop\/wp-json\/wp\/v2\/types\/product"}],"wp:featuredmedia":[{"embeddable":true,"href":"https:\/\/hangthaiwatch.com.my\/shop\/wp-json\/wp\/v2\/media\/10460"}],"wp:attachment":[{"href":"https:\/\/hangthaiwatch.com.my\/shop\/wp-json\/wp\/v2\/media?parent=10459"}],"wp:term":[{"taxonomy":"product_brand","embeddable":true,"href":"https:\/\/hangthaiwatch.com.my\/shop\/wp-json\/wp\/v2\/product_brand?post=10459"},{"taxonomy":"product_cat","embeddable":true,"href":"https:\/\/hangthaiwatch.com.my\/shop\/wp-json\/wp\/v2\/product_cat?post=10459"},{"taxonomy":"product_tag","embeddable":true,"href":"https:\/\/hangthaiwatch.com.my\/shop\/wp-json\/wp\/v2\/product_tag?post=10459"}],"curies":[{"name":"wp","href":"https:\/\/api.w.org\/{rel}","templated":true}]}}